{"id":296,"date":"2012-11-16T15:03:58","date_gmt":"2012-11-16T15:03:58","guid":{"rendered":"http:\/\/roundone.cmsmasters.net\/?page_id=296"},"modified":"2019-09-12T10:15:59","modified_gmt":"2019-09-12T10:15:59","slug":"faaliyet-alanlarimiz","status":"publish","type":"page","link":"https:\/\/eglegal.net\/tr\/faaliyet-alanlarimiz\/","title":{"rendered":"Faaliyet Alanlar\u0131m\u0131z"},"content":{"rendered":"<p style=\"text-align: justify;\"><span style=\"font-family: 'times new roman', times; color: #000000; font-size: 12pt;\">M\u00fcvekkillerimize, b<a style=\"color: #000000;\" href=\"http:\/\/www.yavuzmavioglu.av.tr\/faaliyet-gosterdigimiz-hukuk-alanlari\/\" target=\"_blank\" rel=\"noopener\">a\u015fta \u015firketler ve ticaret hukuku, aile hukuku, i\u015f hukuku ile ilgili dava ve icra takipleri \u00a0olmak \u00fczere \u00e7ok \u00e7e\u015fitli alanlarda hizmet vermekteyiz. Hizmetlerimiz belirtilenler ile s\u0131n\u0131rl\u0131 olmaks\u0131z\u0131n a\u015fa\u011f\u0131daki hukuk alan\u0131 ba\u015fl\u0131klar\u0131 alt\u0131nda s\u0131n\u0131fland\u0131r\u0131labilir.<\/a><\/span><\/p>\n<p style=\"text-align: justify;\"><span style=\"font-family: 'times new roman', times; color: #000000; font-size: 12pt;\">Faaliyet alanlar\u0131m\u0131zla ilgili detayl\u0131 bilgiye linkler \u00fczerinden ula\u015fabilirsiniz.\u00a0<\/span><\/p>\n<p style=\"text-align: justify;\">\n","protected":false},"excerpt":{"rendered":"<p>M\u00fcvekkillerimize, ba\u015fta \u015firketler ve ticaret hukuku, aile hukuku, i\u015f hukuku ile ilgili dava ve icra takipleri \u00a0olmak \u00fczere \u00e7ok \u00e7e\u015fitli alanlarda hizmet vermekteyiz. Hizmetlerimiz belirtilenler ile s\u0131n\u0131rl\u0131 olmaks\u0131z\u0131n a\u015fa\u011f\u0131daki hukuk alan\u0131 ba\u015fl\u0131klar\u0131 alt\u0131nda s\u0131n\u0131fland\u0131r\u0131labilir. Faaliyet alanlar\u0131m\u0131zla ilgili detayl\u0131 bilgiye linkler \u00fczerinden ula\u015fabilirsiniz.\u00a0<\/p>\n","protected":false},"author":2,"featured_media":0,"parent":0,"menu_order":0,"comment_status":"closed","ping_status":"closed","template":"services.php","meta":{"footnotes":""},"class_list":["post-296","page","type-page","status-publish","hentry"],"_links":{"self":[{"href":"https:\/\/eglegal.net\/tr\/wp-json\/wp\/v2\/pages\/296","targetHints":{"allow":["GET"]}}],"collection":[{"href":"https:\/\/eglegal.net\/tr\/wp-json\/wp\/v2\/pages"}],"about":[{"href":"https:\/\/eglegal.net\/tr\/wp-json\/wp\/v2\/types\/page"}],"author":[{"embeddable":true,"href":"https:\/\/eglegal.net\/tr\/wp-json\/wp\/v2\/users\/2"}],"replies":[{"embeddable":true,"href":"https:\/\/eglegal.net\/tr\/wp-json\/wp\/v2\/comments?post=296"}],"version-history":[{"count":0,"href":"https:\/\/eglegal.net\/tr\/wp-json\/wp\/v2\/pages\/296\/revisions"}],"wp:attachment":[{"href":"https:\/\/eglegal.net\/tr\/wp-json\/wp\/v2\/media?parent=296"}],"curies":[{"name":"wp","href":"https:\/\/api.w.org\/{rel}","templated":true}]}}